{"id":2939,"date":"2020-01-03T18:21:50","date_gmt":"2020-01-03T16:21:50","guid":{"rendered":"http:\/\/livingthehealthychoice.com\/?page_id=2939"},"modified":"2020-01-03T18:23:43","modified_gmt":"2020-01-03T16:23:43","slug":"my-cookbook","status":"publish","type":"page","link":"https:\/\/livingthehealthychoice.com\/de\/about\/my-cookbook\/","title":{"rendered":"Mein Kochbuch!"},"content":{"rendered":"<p><img loading=\"lazy\" decoding=\"async\" class=\"alignleft size-medium wp-image-2966\" src=\"https:\/\/livingthehealthychoice.com\/wp-content\/uploads\/2020\/01\/DSC04147-465x596.jpg\" alt=\"\" width=\"465\" height=\"596\" srcset=\"https:\/\/livingthehealthychoice.com\/wp-content\/uploads\/2020\/01\/DSC04147-465x596.jpg 465w, https:\/\/livingthehealthychoice.com\/wp-content\/uploads\/2020\/01\/DSC04147-960x1230.jpg 960w, https:\/\/livingthehealthychoice.com\/wp-content\/uploads\/2020\/01\/DSC04147-768x984.jpg 768w, https:\/\/livingthehealthychoice.com\/wp-content\/uploads\/2020\/01\/DSC04147-1198x1536.jpg 1198w, https:\/\/livingthehealthychoice.com\/wp-content\/uploads\/2020\/01\/DSC04147-1598x2048.jpg 1598w, https:\/\/livingthehealthychoice.com\/wp-content\/uploads\/2020\/01\/DSC04147-scaled.jpg 1997w\" sizes=\"auto, (max-width: 465px) 100vw, 465px\" \/><\/p>\n<p>2017 erf\u00fcllte ich mir einen ziemlich gro\u00dfen Traum &#8211; ich ver\u00f6ffentlichte mein erstes Kochbuch.<br \/>\nNach monatelanger harter Arbeit sah ich es pl\u00f6tzlich das erste Mal in einem Buchladen. Was f\u00fcr ein Gef\u00fchl! Daf\u00fcr hatten sich die langen Tage (und N\u00e4chte) des Rezepte-Testens, tausende Fotos und der ein oder andere emotionale Zusammenbruch gelohnt. (Wobei ich niemandem empfehlen m\u00f6chte unter einem derartigen Zeitdruck zu arbeiten. Die Verherrlichung von Workaholics finde ich eine beunruhigende Entwicklung.)<\/p>\n<p>Nun ist es da, mein eigenes Buch. Gef\u00fcllt mit meinen Kreationen, Fotografien und Geschichten. Seit \u00fcber zwei Jahren ist es ein best\u00e4ndiger K\u00fcchenbegleiter von Lesern und ich freue mich wahnsinnig \u00fcber eure lieben Nachrichten.<br \/>\nUnd auch eine Neuigkeit gibt es: nachdem die erste Auflage ausverkauft ist, gibt es nun ganz frisch eine komplette Neuauflage. Das Buch wird ein bisschen gr\u00f6\u00dfer und dicker. F\u00fcnf neue Rezepte und einige neue Bilder habe ich in das neue Buch verarbeitet.<\/p>\n<p>&nbsp;<\/p>\n<p>&nbsp;<\/p>\n<p><strong>Ihr k\u00f6nnt es ab sofort vorbestellen. Am <u>10. Januar<\/u> 2020 wird es ganz offiziell erscheinen.<\/strong><\/p>\n<p>Hier ein paar Links zu den verschiedenen Online-Optionen.<br \/>\n<a href=\"https:\/\/www.amazon.de\/Living-Healthy-Choice-einfach-nat%C3%BCrlich\/dp\/3965840096\" target=\"_blank\" rel=\"noopener noreferrer\">Amazon<\/a><br \/>\n<a href=\"https:\/\/www.hugendubel.de\/de\/buch\/pauline_bossdorf-living_the_healthy_choice-37639146-produkt-details.html?searchId=534131887\" target=\"_blank\" rel=\"noopener noreferrer\">Hugendubel<\/a><br \/>\n<a href=\"https:\/\/www.thalia.de\/shop\/home\/suggestartikel\/ID145100014.html?sq=Living%20The%20Healthy%20Choice&amp;stype=productName\" target=\"_blank\" rel=\"noopener noreferrer\">Thalia<\/a><br \/>\n<a href=\"https:\/\/www.weltbild.de\/artikel\/buch\/living-the-healthy-choice_26632456-1?ln=U3VjaGU6IFN1Y2hlcmdlYm5pcw==\" target=\"_blank\" rel=\"noopener noreferrer\">Weltbild<\/a><\/p>\n<p><em>(Ach und falls ihr bereits in Besitz meines Buches seid und es euch gef\u00e4llt, w\u00fcrde ich mich wahnsinnig \u00fcber eine Rezension freuen. Es hilft um einiges wenn es um das Online-Ranking des Buches geht. Und ich bin nat\u00fcrlich gespannt, wie es euch gef\u00e4llt!)<\/em><\/p>\n<p><img loading=\"lazy\" decoding=\"async\" class=\"size-large wp-image-2959 alignnone\" src=\"https:\/\/livingthehealthychoice.com\/wp-content\/uploads\/2020\/01\/DSC04158-1-960x752.jpg\" alt=\"\" width=\"960\" height=\"752\" srcset=\"https:\/\/livingthehealthychoice.com\/wp-content\/uploads\/2020\/01\/DSC04158-1-960x752.jpg 960w, https:\/\/livingthehealthychoice.com\/wp-content\/uploads\/2020\/01\/DSC04158-1-465x364.jpg 465w, https:\/\/livingthehealthychoice.com\/wp-content\/uploads\/2020\/01\/DSC04158-1-768x601.jpg 768w, https:\/\/livingthehealthychoice.com\/wp-content\/uploads\/2020\/01\/DSC04158-1-1536x1203.jpg 1536w, https:\/\/livingthehealthychoice.com\/wp-content\/uploads\/2020\/01\/DSC04158-1-2048x1604.jpg 2048w\" sizes=\"auto, (max-width: 960px) 100vw, 960px\" \/><\/p>","protected":false},"excerpt":{"rendered":"<p>2017 erf\u00fcllte ich mir einen ziemlich gro\u00dfen Traum &#8211; ich ver\u00f6ffentlichte mein erstes Kochbuch. Nach monatelanger harter Arbeit sah ich es pl\u00f6tzlich das erste Mal in einem Buchladen. Was f\u00fcr ein Gef\u00fchl! Daf\u00fcr hatten sich die langen Tage (und N\u00e4chte) des Rezepte-Testens, tausende Fotos und der ein oder andere emotionale Zusammenbruch gelohnt. (Wobei ich niemandem [&hellip;]<\/p>\n","protected":false},"author":1,"featured_media":2959,"parent":15,"menu_order":0,"comment_status":"open","ping_status":"closed","template":"","meta":{"_acf_changed":false,"_monsterinsights_skip_tracking":false,"_monsterinsights_sitenote_active":false,"_monsterinsights_sitenote_note":"","_monsterinsights_sitenote_category":0,"footnotes":""},"class_list":["post-2939","page","type-page","status-publish","has-post-thumbnail","hentry"],"acf":[],"_links":{"self":[{"href":"https:\/\/livingthehealthychoice.com\/de\/wp-json\/wp\/v2\/pages\/2939","targetHints":{"allow":["GET"]}}],"collection":[{"href":"https:\/\/livingthehealthychoice.com\/de\/wp-json\/wp\/v2\/pages"}],"about":[{"href":"https:\/\/livingthehealthychoice.com\/de\/wp-json\/wp\/v2\/types\/page"}],"author":[{"embeddable":true,"href":"https:\/\/livingthehealthychoice.com\/de\/wp-json\/wp\/v2\/users\/1"}],"replies":[{"embeddable":true,"href":"https:\/\/livingthehealthychoice.com\/de\/wp-json\/wp\/v2\/comments?post=2939"}],"version-history":[{"count":17,"href":"https:\/\/livingthehealthychoice.com\/de\/wp-json\/wp\/v2\/pages\/2939\/revisions"}],"predecessor-version":[{"id":2973,"href":"https:\/\/livingthehealthychoice.com\/de\/wp-json\/wp\/v2\/pages\/2939\/revisions\/2973"}],"up":[{"embeddable":true,"href":"https:\/\/livingthehealthychoice.com\/de\/wp-json\/wp\/v2\/pages\/15"}],"wp:featuredmedia":[{"embeddable":true,"href":"https:\/\/livingthehealthychoice.com\/de\/wp-json\/wp\/v2\/media\/2959"}],"wp:attachment":[{"href":"https:\/\/livingthehealthychoice.com\/de\/wp-json\/wp\/v2\/media?parent=2939"}],"curies":[{"name":"wp","href":"https:\/\/api.w.org\/{rel}","templated":true}]}}